{"id":3946,"date":"2022-08-08T21:58:37","date_gmt":"2022-08-08T21:58:37","guid":{"rendered":"https:\/\/lamaestra.org\/?page_id=3946"},"modified":"2022-08-09T18:44:06","modified_gmt":"2022-08-09T18:44:06","slug":"good-faith-estimate","status":"publish","type":"page","link":"https:\/\/lamaestra.org\/index.php\/good-faith-estimate\/","title":{"rendered":"Good Faith Estimate"},"content":{"rendered":"<div\n\t\t\t\n\t\t\tclass=\"so-widget-sow-image so-widget-sow-image-default-8b5b6f678277\"\n\t\t\t data-overlay-enabled=\"1\" data-overlay-settings=\"{&quot;enabled_for_widgets&quot;:[&quot;sow-image&quot;,&quot;sow-image-grid&quot;,&quot;sow-simple-masonry&quot;],&quot;theme&quot;:&quot;&quot;,&quot;show_delay&quot;:300,&quot;overlay_color&quot;:&quot;#000000&quot;,&quot;overlay_opacity&quot;:0.8000000000000000444089209850062616169452667236328125,&quot;overlay_position&quot;:&quot;bottom&quot;,&quot;overlay_size&quot;:0.299999999999999988897769753748434595763683319091796875,&quot;desktop_show_trigger&quot;:&quot;hover&quot;,&quot;touch_show_trigger&quot;:&quot;touch&quot;,&quot;responsive_breakpoint&quot;:&quot;1024px&quot;,&quot;responsive_breakpoint_unit&quot;:&quot;px&quot;,&quot;overlay_animation&quot;:&quot;fade&quot;,&quot;overlay_animation_onscreen&quot;:false,&quot;font_family&quot;:&quot;&quot;,&quot;text_size&quot;:&quot;15px&quot;,&quot;text_size_unit&quot;:&quot;px&quot;,&quot;text_color&quot;:&quot;#fff&quot;,&quot;text_padding&quot;:&quot;22px 22px 22px 22px&quot;,&quot;text_position&quot;:&quot;middle&quot;,&quot;text_align&quot;:&quot;left&quot;,&quot;text_animation&quot;:&quot;&quot;}\"\n\t\t>\n\n<div class=\"sow-image-container\">\n\t\t<img loading=\"lazy\" decoding=\"async\" src=\"https:\/\/lamaestra.org\/wp-content\/uploads\/2020\/07\/2020_07_30_00_48_46_Leadership_LMFC_2020_and_3_more_pages_Profile_1_Microsoft_Edge.png\" width=\"984\" height=\"111\" srcset=\"https:\/\/lamaestra.org\/wp-content\/uploads\/2020\/07\/2020_07_30_00_48_46_Leadership_LMFC_2020_and_3_more_pages_Profile_1_Microsoft_Edge.png 984w, https:\/\/lamaestra.org\/wp-content\/uploads\/2020\/07\/2020_07_30_00_48_46_Leadership_LMFC_2020_and_3_more_pages_Profile_1_Microsoft_Edge-300x34.png 300w, https:\/\/lamaestra.org\/wp-content\/uploads\/2020\/07\/2020_07_30_00_48_46_Leadership_LMFC_2020_and_3_more_pages_Profile_1_Microsoft_Edge-768x87.png 768w\" sizes=\"auto, (max-width: 984px) 100vw, 984px\" alt=\"\" \t\tclass=\"so-widget-image\"\/>\n\t<\/div>\n\n<\/div>\n\n\n<h1 class=\"has-text-align-center wp-block-heading\">Good Faith Estimate<\/h1>\n\n\n\n<p>Our patients have the right to receive a Good Faith Estimate for the total expected cost of any services. Under a recently passed law, health care providers will make an estimate of the bill for medical items and services available to patients who don&#8217;t have insurance or are not using insurance.<br>Our patients may also ask for a Good Faith Estimate before scheduling an appointment. If you receive a bill greater than your Good Faith Estimate, you can dispute the bill by asking to speak to the clinic manager of the site where you receive care. Please retain a copy or picture of your Good Faith Estimate. For questions or more information about your right to a Good Faith Estimate, visit www.cms.gov\/nosurprises or call 1-800-985-3059.<\/p>\n\n\n\n<p><\/p>\n\n\n\n<p class=\"has-text-align-center\">______________________________________________________________________________________<\/p>\n\n\n\n<p class=\"has-text-align-left\"><br>Nuestros pacientes tienen derecho a recibir una estimaci\u00f3n de buena fe del coste total previsto de cualquier servicio. Bajo una ley recientemente aprobada, los proveedores de atenci\u00f3n m\u00e9dica har\u00e1n una estimaci\u00f3n de la factura de los art\u00edculos y servicios m\u00e9dicos a disposici\u00f3n de los pacientes que no tienen seguro o no est\u00e1n utilizando el seguro.<br>Nuestros pacientes tambi\u00e9n pueden pedir una estimaci\u00f3n de buena fe antes de programar una cita. Si recibe una factura mayor que su estimaci\u00f3n de buena fe, puede disputar la factura pidiendo hablar con el gerente de la cl\u00ednica donde recibe la atenci\u00f3n. Conserve una copia o una fotograf\u00eda de su estimaci\u00f3n de buena fe. Si tiene preguntas o m\u00e1s informaci\u00f3n sobre su derecho a una estimaci\u00f3n de buena fe, visite www.cms.gov\/nosurprises o llame al 1-800-985-3059.<\/p>\n","protected":false},"excerpt":{"rendered":"<p>Good Faith Estimate Our patients have the right to receive a Good Faith Estimate for the total expected cost of any services. Under a recently passed law, health care providers will make an estimate of the bill for medical items and services available to patients who don&#8217;t have insurance or are not using insurance.Our patients [&hellip;]<\/p>\n","protected":false},"author":6,"featured_media":0,"parent":0,"menu_order":0,"comment_status":"closed","ping_status":"closed","template":"","meta":{"cybocfi_hide_featured_image":"","footnotes":""},"class_list":["post-3946","page","type-page","status-publish","hentry","post"],"_links":{"self":[{"href":"https:\/\/lamaestra.org\/index.php\/wp-json\/wp\/v2\/pages\/3946","targetHints":{"allow":["GET"]}}],"collection":[{"href":"https:\/\/lamaestra.org\/index.php\/wp-json\/wp\/v2\/pages"}],"about":[{"href":"https:\/\/lamaestra.org\/index.php\/wp-json\/wp\/v2\/types\/page"}],"author":[{"embeddable":true,"href":"https:\/\/lamaestra.org\/index.php\/wp-json\/wp\/v2\/users\/6"}],"replies":[{"embeddable":true,"href":"https:\/\/lamaestra.org\/index.php\/wp-json\/wp\/v2\/comments?post=3946"}],"version-history":[{"count":4,"href":"https:\/\/lamaestra.org\/index.php\/wp-json\/wp\/v2\/pages\/3946\/revisions"}],"predecessor-version":[{"id":3955,"href":"https:\/\/lamaestra.org\/index.php\/wp-json\/wp\/v2\/pages\/3946\/revisions\/3955"}],"wp:attachment":[{"href":"https:\/\/lamaestra.org\/index.php\/wp-json\/wp\/v2\/media?parent=3946"}],"curies":[{"name":"wp","href":"https:\/\/api.w.org\/{rel}","templated":true}]}}